{"id":432,"date":"2023-08-02T10:46:51","date_gmt":"2023-08-02T10:46:51","guid":{"rendered":"http:\/\/www.escuelainfantilmonsalvez.es\/?page_id=432"},"modified":"2023-08-02T11:18:13","modified_gmt":"2023-08-02T11:18:13","slug":"intervencion-psicopedagogica","status":"publish","type":"page","link":"https:\/\/www.escuelainfantilmonsalvez.es\/?page_id=432","title":{"rendered":"INTERVENCI\u00d3N PSICOPEDAG\u00d3GICA"},"content":{"rendered":"\t\t<div data-elementor-type=\"wp-page\" data-elementor-id=\"432\" class=\"elementor elementor-432\">\n\t\t\t\t\t\t<section class=\"elementor-section elementor-top-section elementor-element elementor-element-8667efd elementor-section-height-min-height elementor-section-boxed elementor-section-height-default elementor-section-items-middle\" data-id=\"8667efd\" data-element_type=\"section\" data-settings=\"{&quot;background_background&quot;:&quot;classic&quot;}\">\n\t\t\t\t\t\t\t<div class=\"elementor-background-overlay\"><\/div>\n\t\t\t\t\t\t\t<div class=\"elementor-container elementor-column-gap-default\">\n\t\t\t\t\t<div class=\"elementor-column elementor-col-100 elementor-top-column elementor-element elementor-element-b41e885\" data-id=\"b41e885\" data-element_type=\"column\">\n\t\t\t<div class=\"elementor-widget-wrap elementor-element-populated\">\n\t\t\t\t\t\t<div class=\"elementor-element elementor-element-9e95f15 elementor-widget elementor-widget-heading\" data-id=\"9e95f15\" data-element_type=\"widget\" data-widget_type=\"heading.default\">\n\t\t\t\t<div class=\"elementor-widget-container\">\n\t\t\t\t\t<h2 class=\"elementor-heading-title elementor-size-large\">INTERVENCI\u00d3N PSICOPEDAG\u00d3GICA<\/h2>\t\t\t\t<\/div>\n\t\t\t\t<\/div>\n\t\t\t\t<div class=\"elementor-element elementor-element-bd5c492 elementor-widget-divider--view-line elementor-widget elementor-widget-divider\" data-id=\"bd5c492\" data-element_type=\"widget\" data-widget_type=\"divider.default\">\n\t\t\t\t<div class=\"elementor-widget-container\">\n\t\t\t\t\t\t\t<div class=\"elementor-divider\">\n\t\t\t<span class=\"elementor-divider-separator\">\n\t\t\t\t\t\t<\/span>\n\t\t<\/div>\n\t\t\t\t\t\t<\/div>\n\t\t\t\t<\/div>\n\t\t\t\t\t<\/div>\n\t\t<\/div>\n\t\t\t\t\t<\/div>\n\t\t<\/section>\n\t\t\t\t<section class=\"elementor-section elementor-top-section elementor-element elementor-element-eb96ed8 elementor-section-content-middle elementor-reverse-mobile elementor-section-boxed elementor-section-height-default elementor-section-height-default\" data-id=\"eb96ed8\" data-element_type=\"section\" data-settings=\"{&quot;background_background&quot;:&quot;classic&quot;}\">\n\t\t\t\t\t\t<div class=\"elementor-container elementor-column-gap-default\">\n\t\t\t\t\t<div class=\"elementor-column elementor-col-100 elementor-top-column elementor-element elementor-element-9efbcf2\" data-id=\"9efbcf2\" data-element_type=\"column\">\n\t\t\t<div class=\"elementor-widget-wrap elementor-element-populated\">\n\t\t\t\t\t\t<div class=\"elementor-element elementor-element-0c5dca8 elementor-widget elementor-widget-image\" data-id=\"0c5dca8\" data-element_type=\"widget\" data-widget_type=\"image.default\">\n\t\t\t\t<div class=\"elementor-widget-container\">\n\t\t\t\t\t\t\t\t\t\t\t\t\t\t\t<img fetchpriority=\"high\" decoding=\"async\" width=\"1024\" height=\"576\" src=\"https:\/\/www.escuelainfantilmonsalvez.es\/wp-content\/uploads\/2023\/08\/22-1024x576.png\" class=\"attachment-large size-large wp-image-459\" alt=\"\" srcset=\"https:\/\/www.escuelainfantilmonsalvez.es\/wp-content\/uploads\/2023\/08\/22-1024x576.png 1024w, https:\/\/www.escuelainfantilmonsalvez.es\/wp-content\/uploads\/2023\/08\/22-300x169.png 300w, https:\/\/www.escuelainfantilmonsalvez.es\/wp-content\/uploads\/2023\/08\/22-768x432.png 768w, https:\/\/www.escuelainfantilmonsalvez.es\/wp-content\/uploads\/2023\/08\/22-1536x864.png 1536w, https:\/\/www.escuelainfantilmonsalvez.es\/wp-content\/uploads\/2023\/08\/22.png 1920w\" sizes=\"(max-width: 1024px) 100vw, 1024px\" \/>\t\t\t\t\t\t\t\t\t\t\t\t\t\t\t<\/div>\n\t\t\t\t<\/div>\n\t\t\t\t\t<\/div>\n\t\t<\/div>\n\t\t\t\t\t<\/div>\n\t\t<\/section>\n\t\t\t\t<section class=\"elementor-section elementor-top-section elementor-element elementor-element-4fa5cf7 elementor-section-content-middle elementor-reverse-mobile elementor-section-boxed elementor-section-height-default elementor-section-height-default\" data-id=\"4fa5cf7\" data-element_type=\"section\" data-settings=\"{&quot;background_background&quot;:&quot;classic&quot;}\">\n\t\t\t\t\t\t<div class=\"elementor-container elementor-column-gap-default\">\n\t\t\t\t\t<div class=\"elementor-column elementor-col-100 elementor-top-column elementor-element elementor-element-d2b2d83\" data-id=\"d2b2d83\" data-element_type=\"column\">\n\t\t\t<div class=\"elementor-widget-wrap elementor-element-populated\">\n\t\t\t\t\t\t<div class=\"elementor-element elementor-element-2145537 elementor-view-stacked elementor-position-left elementor-shape-circle elementor-mobile-position-top elementor-widget elementor-widget-icon-box\" data-id=\"2145537\" data-element_type=\"widget\" data-widget_type=\"icon-box.default\">\n\t\t\t\t<div class=\"elementor-widget-container\">\n\t\t\t\t\t\t\t<div class=\"elementor-icon-box-wrapper\">\n\n\t\t\t\t\t\t<div class=\"elementor-icon-box-icon\">\n\t\t\t\t<span  class=\"elementor-icon\">\n\t\t\t\t<i aria-hidden=\"true\" class=\"fas fa-check\"><\/i>\t\t\t\t<\/span>\n\t\t\t<\/div>\n\t\t\t\n\t\t\t\t\t\t<div class=\"elementor-icon-box-content\">\n\n\t\t\t\t\n\t\t\t\t\t\t\t\t\t<p class=\"elementor-icon-box-description\">\n\t\t\t\t\t\tTenemos el privilegio de contar con una terapeuta ocupacional altamente cualificada en intervenci\u00f3n temprana psicopedag\u00f3gica. Nuestro objetivo principal es brindar un apoyo integral y personalizado a cada ni\u00f1o, teniendo en cuenta sus necesidades individuales y fomentando su desarrollo acad\u00e9mico, emocional y social.\n<br><br>\nNuestro enfoque de intervenci\u00f3n psicopedag\u00f3gica se basa en la comprensi\u00f3n de que cada ni\u00f1o es \u00fanico y tiene su propio ritmo de aprendizaje. Trabajamos de manera colaborativa con los padres y otros profesionales para dise\u00f1ar un plan de intervenci\u00f3n individualizado que aborde las \u00e1reas de dificultad y potencie las fortalezas de cada ni\u00f1o.\n<br><br>\nNuestro equipo utiliza diversas t\u00e9cnicas y estrategias de intervenci\u00f3n, adaptadas a las necesidades espec\u00edficas de cada ni\u00f1o. Esto puede incluir actividades de estimulaci\u00f3n cognitiva, t\u00e9cnicas de aprendizaje multisensorial, apoyo emocional y socioemocional, entre otros enfoques pedag\u00f3gicos.\n<br><br>\nValoramos la importancia de crear un ambiente seguro y acogedor donde los ni\u00f1os se sientan c\u00f3modos expresando sus emociones y necesidades. Nos esforzamos por promover la autoestima y la confianza en s\u00ed mismos, fomentando as\u00ed su motivaci\u00f3n intr\u00ednseca para aprender y desarrollarse.\n<br><br>\nAdem\u00e1s, establecemos una comunicaci\u00f3n fluida y constante con los padres, brind\u00e1ndoles informaci\u00f3n detallada sobre el progreso de sus hijos. Trabajamos juntos para establecer metas realistas y alcanzables, adaptando continuamente nuestras estrategias de intervenci\u00f3n seg\u00fan sea necesario.\n<br><br>\nCreemos que la intervenci\u00f3n psicopedag\u00f3gica temprana es fundamental para prevenir y abordar posibles dificultades de aprendizaje y desarrollo. Nuestro objetivo es proporcionar a cada ni\u00f1o las herramientas necesarias para superar obst\u00e1culos y alcanzar su m\u00e1ximo potencial.\n\t\t\t\t\t<\/p>\n\t\t\t\t\n\t\t\t<\/div>\n\t\t\t\n\t\t<\/div>\n\t\t\t\t\t\t<\/div>\n\t\t\t\t<\/div>\n\t\t\t\t\t<\/div>\n\t\t<\/div>\n\t\t\t\t\t<\/div>\n\t\t<\/section>\n\t\t\t\t<\/div>\n\t\t","protected":false},"excerpt":{"rendered":"<p>INTERVENCI\u00d3N PSICOPEDAG\u00d3GICA Tenemos el privilegio de contar con una terapeuta ocupacional altamente cualificada en intervenci\u00f3n temprana psicopedag\u00f3gica. Nuestro objetivo principal es brindar un apoyo integral y personalizado a cada ni\u00f1o, teniendo en cuenta sus necesidades individuales y fomentando su desarrollo acad\u00e9mico, emocional y social. Nuestro enfoque de intervenci\u00f3n psicopedag\u00f3gica se basa en la comprensi\u00f3n de [&hellip;]<\/p>\n","protected":false},"author":1,"featured_media":0,"parent":0,"menu_order":0,"comment_status":"closed","ping_status":"closed","template":"","meta":{"site-sidebar-layout":"no-sidebar","site-content-layout":"page-builder","ast-site-content-layout":"default","site-content-style":"default","site-sidebar-style":"default","ast-global-header-display":"","ast-banner-title-visibility":"","ast-main-header-display":"","ast-hfb-above-header-display":"","ast-hfb-below-header-display":"","ast-hfb-mobile-header-display":"","site-post-title":"disabled","ast-breadcrumbs-content":"","ast-featured-img":"disabled","footer-sml-layout":"","ast-disable-related-posts":"","theme-transparent-header-meta":"","adv-header-id-meta":"","stick-header-meta":"","header-above-stick-meta":"","header-main-stick-meta":"","header-below-stick-meta":"","astra-migrate-meta-layouts":"default","ast-page-background-enabled":"default","ast-page-background-meta":{"desktop":{"background-color":"","background-image":"","background-repeat":"repeat","background-position":"center center","background-size":"auto","background-attachment":"scroll","background-type":"","background-media":"","overlay-type":"","overlay-color":"","overlay-opacity":"","overlay-gradient":""},"tablet":{"background-color":"","background-image":"","background-repeat":"repeat","background-position":"center center","background-size":"auto","background-attachment":"scroll","background-type":"","background-media":"","overlay-type":"","overlay-color":"","overlay-opacity":"","overlay-gradient":""},"mobile":{"background-color":"","background-image":"","background-repeat":"repeat","background-position":"center center","background-size":"auto","background-attachment":"scroll","background-type":"","background-media":"","overlay-type":"","overlay-color":"","overlay-opacity":"","overlay-gradient":""}},"ast-content-background-meta":{"desktop":{"background-color":"var(--ast-global-color-5)","background-image":"","background-repeat":"repeat","background-position":"center center","background-size":"auto","background-attachment":"scroll","background-type":"","background-media":"","overlay-type":"","overlay-color":"","overlay-opacity":"","overlay-gradient":""},"tablet":{"background-color":"var(--ast-global-color-5)","background-image":"","background-repeat":"repeat","background-position":"center center","background-size":"auto","background-attachment":"scroll","background-type":"","background-media":"","overlay-type":"","overlay-color":"","overlay-opacity":"","overlay-gradient":""},"mobile":{"background-color":"var(--ast-global-color-5)","background-image":"","background-repeat":"repeat","background-position":"center center","background-size":"auto","background-attachment":"scroll","background-type":"","background-media":"","overlay-type":"","overlay-color":"","overlay-opacity":"","overlay-gradient":""}},"footnotes":""},"class_list":["post-432","page","type-page","status-publish","hentry"],"_links":{"self":[{"href":"https:\/\/www.escuelainfantilmonsalvez.es\/index.php?rest_route=\/wp\/v2\/pages\/432","targetHints":{"allow":["GET"]}}],"collection":[{"href":"https:\/\/www.escuelainfantilmonsalvez.es\/index.php?rest_route=\/wp\/v2\/pages"}],"about":[{"href":"https:\/\/www.escuelainfantilmonsalvez.es\/index.php?rest_route=\/wp\/v2\/types\/page"}],"author":[{"embeddable":true,"href":"https:\/\/www.escuelainfantilmonsalvez.es\/index.php?rest_route=\/wp\/v2\/users\/1"}],"replies":[{"embeddable":true,"href":"https:\/\/www.escuelainfantilmonsalvez.es\/index.php?rest_route=%2Fwp%2Fv2%2Fcomments&post=432"}],"version-history":[{"count":13,"href":"https:\/\/www.escuelainfantilmonsalvez.es\/index.php?rest_route=\/wp\/v2\/pages\/432\/revisions"}],"predecessor-version":[{"id":561,"href":"https:\/\/www.escuelainfantilmonsalvez.es\/index.php?rest_route=\/wp\/v2\/pages\/432\/revisions\/561"}],"wp:attachment":[{"href":"https:\/\/www.escuelainfantilmonsalvez.es\/index.php?rest_route=%2Fwp%2Fv2%2Fmedia&parent=432"}],"curies":[{"name":"wp","href":"https:\/\/api.w.org\/{rel}","templated":true}]}}