{"id":138,"date":"2020-08-25T12:52:55","date_gmt":"2020-08-25T12:52:55","guid":{"rendered":"http:\/\/www.escuelainfantilmonsalvez.es\/?page_id=138"},"modified":"2025-12-09T10:03:47","modified_gmt":"2025-12-09T10:03:47","slug":"elementor-138","status":"publish","type":"page","link":"https:\/\/www.escuelainfantilmonsalvez.es\/?page_id=138","title":{"rendered":"NUESTRO EQUIPO"},"content":{"rendered":"\t\t<div data-elementor-type=\"wp-page\" data-elementor-id=\"138\" class=\"elementor elementor-138\">\n\t\t\t\t\t\t<section class=\"elementor-section elementor-top-section elementor-element elementor-element-77379207 elementor-section-height-min-height elementor-section-boxed elementor-section-height-default elementor-section-items-middle\" data-id=\"77379207\" data-element_type=\"section\" data-settings=\"{&quot;background_background&quot;:&quot;classic&quot;}\">\n\t\t\t\t\t\t\t<div class=\"elementor-background-overlay\"><\/div>\n\t\t\t\t\t\t\t<div class=\"elementor-container elementor-column-gap-default\">\n\t\t\t\t\t<div class=\"elementor-column elementor-col-100 elementor-top-column elementor-element elementor-element-1083aa6\" data-id=\"1083aa6\" data-element_type=\"column\">\n\t\t\t<div class=\"elementor-widget-wrap elementor-element-populated\">\n\t\t\t\t\t\t<div class=\"elementor-element elementor-element-76777958 elementor-widget elementor-widget-heading\" data-id=\"76777958\" data-element_type=\"widget\" data-widget_type=\"heading.default\">\n\t\t\t\t<div class=\"elementor-widget-container\">\n\t\t\t\t\t<h2 class=\"elementor-heading-title elementor-size-large\">nUESTRO EQUIPO<\/h2>\t\t\t\t<\/div>\n\t\t\t\t<\/div>\n\t\t\t\t<div class=\"elementor-element elementor-element-4037ce24 elementor-widget-divider--view-line elementor-widget elementor-widget-divider\" data-id=\"4037ce24\" data-element_type=\"widget\" data-widget_type=\"divider.default\">\n\t\t\t\t<div class=\"elementor-widget-container\">\n\t\t\t\t\t\t\t<div class=\"elementor-divider\">\n\t\t\t<span class=\"elementor-divider-separator\">\n\t\t\t\t\t\t<\/span>\n\t\t<\/div>\n\t\t\t\t\t\t<\/div>\n\t\t\t\t<\/div>\n\t\t\t\t<div class=\"elementor-element elementor-element-34f38f3d elementor-widget elementor-widget-text-editor\" data-id=\"34f38f3d\" data-element_type=\"widget\" data-widget_type=\"text-editor.default\">\n\t\t\t\t<div class=\"elementor-widget-container\">\n\t\t\t\t\t\t\t\t\t<p>En nuestro Centro Educativo contamos con personal altamente cualificado y experto en distintos \u00e1mbitos del desarrollo de los ni\u00f1os<\/p>\t\t\t\t\t\t\t\t<\/div>\n\t\t\t\t<\/div>\n\t\t\t\t\t<\/div>\n\t\t<\/div>\n\t\t\t\t\t<\/div>\n\t\t<\/section>\n\t\t\t\t<section class=\"elementor-section elementor-top-section elementor-element elementor-element-1bd808e elementor-section-boxed elementor-section-height-default elementor-section-height-default\" data-id=\"1bd808e\" data-element_type=\"section\">\n\t\t\t\t\t\t<div class=\"elementor-container elementor-column-gap-default\">\n\t\t\t\t\t<div class=\"elementor-column elementor-col-100 elementor-top-column elementor-element elementor-element-d725168\" data-id=\"d725168\" data-element_type=\"column\">\n\t\t\t<div class=\"elementor-widget-wrap elementor-element-populated\">\n\t\t\t\t\t\t<div class=\"elementor-element elementor-element-29768ad elementor-widget elementor-widget-spacer\" data-id=\"29768ad\" data-element_type=\"widget\" data-widget_type=\"spacer.default\">\n\t\t\t\t<div class=\"elementor-widget-container\">\n\t\t\t\t\t\t\t<div class=\"elementor-spacer\">\n\t\t\t<div class=\"elementor-spacer-inner\"><\/div>\n\t\t<\/div>\n\t\t\t\t\t\t<\/div>\n\t\t\t\t<\/div>\n\t\t\t\t\t<\/div>\n\t\t<\/div>\n\t\t\t\t\t<\/div>\n\t\t<\/section>\n\t\t\t\t<section class=\"elementor-section elementor-top-section elementor-element elementor-element-d3a11f4 elementor-section-boxed elementor-section-height-default elementor-section-height-default\" data-id=\"d3a11f4\" data-element_type=\"section\">\n\t\t\t\t\t\t<div class=\"elementor-container elementor-column-gap-default\">\n\t\t\t\t\t<div class=\"elementor-column elementor-col-33 elementor-top-column elementor-element elementor-element-4f3d60f\" data-id=\"4f3d60f\" data-element_type=\"column\">\n\t\t\t<div class=\"elementor-widget-wrap elementor-element-populated\">\n\t\t\t\t\t\t<div class=\"elementor-element elementor-element-1f0bee5 elementor-position-top elementor-widget elementor-widget-image-box\" data-id=\"1f0bee5\" data-element_type=\"widget\" data-widget_type=\"image-box.default\">\n\t\t\t\t<div class=\"elementor-widget-container\">\n\t\t\t\t\t<div class=\"elementor-image-box-wrapper\"><figure class=\"elementor-image-box-img\"><img fetchpriority=\"high\" decoding=\"async\" width=\"245\" height=\"300\" src=\"https:\/\/www.escuelainfantilmonsalvez.es\/wp-content\/uploads\/2020\/10\/06bc1c1c-d513-4d6a-be44-848eee48ae8a-245x300.jpg\" class=\"elementor-animation-grow attachment-medium size-medium wp-image-300\" alt=\"\" srcset=\"https:\/\/www.escuelainfantilmonsalvez.es\/wp-content\/uploads\/2020\/10\/06bc1c1c-d513-4d6a-be44-848eee48ae8a-245x300.jpg 245w, https:\/\/www.escuelainfantilmonsalvez.es\/wp-content\/uploads\/2020\/10\/06bc1c1c-d513-4d6a-be44-848eee48ae8a-768x940.jpg 768w, https:\/\/www.escuelainfantilmonsalvez.es\/wp-content\/uploads\/2020\/10\/06bc1c1c-d513-4d6a-be44-848eee48ae8a.jpg 828w\" sizes=\"(max-width: 245px) 100vw, 245px\" \/><\/figure><div class=\"elementor-image-box-content\"><h3 class=\"elementor-image-box-title\">Inmaculada Bao<\/h3><p class=\"elementor-image-box-description\">Directora general del centro. <\/p><\/div><\/div>\t\t\t\t<\/div>\n\t\t\t\t<\/div>\n\t\t\t\t\t<\/div>\n\t\t<\/div>\n\t\t\t\t<div class=\"elementor-column elementor-col-33 elementor-top-column elementor-element elementor-element-d7ff65c\" data-id=\"d7ff65c\" data-element_type=\"column\">\n\t\t\t<div class=\"elementor-widget-wrap\">\n\t\t\t\t\t\t\t<\/div>\n\t\t<\/div>\n\t\t\t\t<div class=\"elementor-column elementor-col-33 elementor-top-column elementor-element elementor-element-30623af\" data-id=\"30623af\" data-element_type=\"column\">\n\t\t\t<div class=\"elementor-widget-wrap elementor-element-populated\">\n\t\t\t\t\t\t<div class=\"elementor-element elementor-element-b7ef440 elementor-position-top elementor-widget elementor-widget-image-box\" data-id=\"b7ef440\" data-element_type=\"widget\" data-widget_type=\"image-box.default\">\n\t\t\t\t<div class=\"elementor-widget-container\">\n\t\t\t\t\t<div class=\"elementor-image-box-wrapper\"><figure class=\"elementor-image-box-img\"><img decoding=\"async\" width=\"228\" height=\"300\" src=\"https:\/\/www.escuelainfantilmonsalvez.es\/wp-content\/uploads\/2024\/10\/WhatsApp-Image-2024-10-04-at-15.33.24-1-1-228x300.jpeg\" class=\"elementor-animation-grow attachment-medium size-medium wp-image-1017\" alt=\"\" srcset=\"https:\/\/www.escuelainfantilmonsalvez.es\/wp-content\/uploads\/2024\/10\/WhatsApp-Image-2024-10-04-at-15.33.24-1-1-228x300.jpeg 228w, https:\/\/www.escuelainfantilmonsalvez.es\/wp-content\/uploads\/2024\/10\/WhatsApp-Image-2024-10-04-at-15.33.24-1-1-779x1024.jpeg 779w, https:\/\/www.escuelainfantilmonsalvez.es\/wp-content\/uploads\/2024\/10\/WhatsApp-Image-2024-10-04-at-15.33.24-1-1-768x1010.jpeg 768w, https:\/\/www.escuelainfantilmonsalvez.es\/wp-content\/uploads\/2024\/10\/WhatsApp-Image-2024-10-04-at-15.33.24-1-1.jpeg 947w\" sizes=\"(max-width: 228px) 100vw, 228px\" \/><\/figure><div class=\"elementor-image-box-content\"><h3 class=\"elementor-image-box-title\">Alba Vega<\/h3><p class=\"elementor-image-box-description\">Terapeuta Ocupacional y Logopeda especialista en Atenci\u00f3n Temprana, Psicomotricidad Infantil e Integraci\u00f3n Sensorial.<\/p><\/div><\/div>\t\t\t\t<\/div>\n\t\t\t\t<\/div>\n\t\t\t\t\t<\/div>\n\t\t<\/div>\n\t\t\t\t\t<\/div>\n\t\t<\/section>\n\t\t\t\t<section class=\"elementor-section elementor-top-section elementor-element elementor-element-746e176 elementor-section-boxed elementor-section-height-default elementor-section-height-default\" data-id=\"746e176\" data-element_type=\"section\">\n\t\t\t\t\t\t<div class=\"elementor-container elementor-column-gap-default\">\n\t\t\t\t\t<div class=\"elementor-column elementor-col-25 elementor-top-column elementor-element elementor-element-f18fddd\" data-id=\"f18fddd\" data-element_type=\"column\">\n\t\t\t<div class=\"elementor-widget-wrap elementor-element-populated\">\n\t\t\t\t\t\t<div class=\"elementor-element elementor-element-73e9d13 elementor-position-top elementor-widget elementor-widget-image-box\" data-id=\"73e9d13\" data-element_type=\"widget\" data-widget_type=\"image-box.default\">\n\t\t\t\t<div class=\"elementor-widget-container\">\n\t\t\t\t\t<div class=\"elementor-image-box-wrapper\"><figure class=\"elementor-image-box-img\"><img decoding=\"async\" width=\"231\" height=\"300\" src=\"https:\/\/www.escuelainfantilmonsalvez.es\/wp-content\/uploads\/2023\/11\/andrea2-scaled-e1728398182970-231x300.jpg\" class=\"elementor-animation-grow attachment-medium size-medium wp-image-657\" alt=\"\" srcset=\"https:\/\/www.escuelainfantilmonsalvez.es\/wp-content\/uploads\/2023\/11\/andrea2-scaled-e1728398182970-231x300.jpg 231w, https:\/\/www.escuelainfantilmonsalvez.es\/wp-content\/uploads\/2023\/11\/andrea2-scaled-e1728398182970-790x1024.jpg 790w, https:\/\/www.escuelainfantilmonsalvez.es\/wp-content\/uploads\/2023\/11\/andrea2-scaled-e1728398182970-768x996.jpg 768w, https:\/\/www.escuelainfantilmonsalvez.es\/wp-content\/uploads\/2023\/11\/andrea2-scaled-e1728398182970-1185x1536.jpg 1185w, https:\/\/www.escuelainfantilmonsalvez.es\/wp-content\/uploads\/2023\/11\/andrea2-scaled-e1728398182970-1580x2048.jpg 1580w, https:\/\/www.escuelainfantilmonsalvez.es\/wp-content\/uploads\/2023\/11\/andrea2-scaled-e1728398182970.jpg 1708w\" sizes=\"(max-width: 231px) 100vw, 231px\" \/><\/figure><div class=\"elementor-image-box-content\"><h3 class=\"elementor-image-box-title\"><br>Andrea Fuster<\/h3><p class=\"elementor-image-box-description\"><span style=\"font-size: 15px;font-style: normal;font-weight: 400\">Maestra en Educaci\u00f3n Infantil especialista en Necesidades Especiales e Innovaci\u00f3n Educativa.<\/span><span style=\"font-size: 15px;font-style: normal;font-weight: 400\"><\/span><\/p><\/div><\/div>\t\t\t\t<\/div>\n\t\t\t\t<\/div>\n\t\t\t\t\t<\/div>\n\t\t<\/div>\n\t\t\t\t<div class=\"elementor-column elementor-col-25 elementor-top-column elementor-element elementor-element-aa0b683\" data-id=\"aa0b683\" data-element_type=\"column\">\n\t\t\t<div class=\"elementor-widget-wrap elementor-element-populated\">\n\t\t\t\t\t\t<div class=\"elementor-element elementor-element-b1f049c elementor-position-top elementor-widget elementor-widget-image-box\" data-id=\"b1f049c\" data-element_type=\"widget\" data-widget_type=\"image-box.default\">\n\t\t\t\t<div class=\"elementor-widget-container\">\n\t\t\t\t\t<div class=\"elementor-image-box-wrapper\"><figure class=\"elementor-image-box-img\"><img loading=\"lazy\" decoding=\"async\" width=\"1200\" height=\"1600\" src=\"https:\/\/www.escuelainfantilmonsalvez.es\/wp-content\/uploads\/2024\/10\/WhatsApp-Image-2024-10-08-at-16.39.42.jpeg\" class=\"elementor-animation-grow attachment-full size-full wp-image-1022\" alt=\"\" srcset=\"https:\/\/www.escuelainfantilmonsalvez.es\/wp-content\/uploads\/2024\/10\/WhatsApp-Image-2024-10-08-at-16.39.42.jpeg 1200w, https:\/\/www.escuelainfantilmonsalvez.es\/wp-content\/uploads\/2024\/10\/WhatsApp-Image-2024-10-08-at-16.39.42-225x300.jpeg 225w, https:\/\/www.escuelainfantilmonsalvez.es\/wp-content\/uploads\/2024\/10\/WhatsApp-Image-2024-10-08-at-16.39.42-768x1024.jpeg 768w, https:\/\/www.escuelainfantilmonsalvez.es\/wp-content\/uploads\/2024\/10\/WhatsApp-Image-2024-10-08-at-16.39.42-1152x1536.jpeg 1152w\" sizes=\"(max-width: 1200px) 100vw, 1200px\" \/><\/figure><div class=\"elementor-image-box-content\"><h3 class=\"elementor-image-box-title\"><br><\/h3><p class=\"elementor-image-box-description\">T\u00e9cnico en Educaci\u00f3n Infantil.<br><br><\/p><\/div><\/div>\t\t\t\t<\/div>\n\t\t\t\t<\/div>\n\t\t\t\t\t<\/div>\n\t\t<\/div>\n\t\t\t\t<div class=\"elementor-column elementor-col-25 elementor-top-column elementor-element elementor-element-398bc73\" data-id=\"398bc73\" data-element_type=\"column\">\n\t\t\t<div class=\"elementor-widget-wrap elementor-element-populated\">\n\t\t\t\t\t\t<div class=\"elementor-element elementor-element-cb67fe1 elementor-position-top elementor-widget elementor-widget-image-box\" data-id=\"cb67fe1\" data-element_type=\"widget\" data-widget_type=\"image-box.default\">\n\t\t\t\t<div class=\"elementor-widget-container\">\n\t\t\t\t\t<div class=\"elementor-image-box-wrapper\"><figure class=\"elementor-image-box-img\"><img loading=\"lazy\" decoding=\"async\" width=\"1536\" height=\"2048\" src=\"https:\/\/www.escuelainfantilmonsalvez.es\/wp-content\/uploads\/2024\/10\/WhatsApp-Image-2024-10-08-at-16.22.14.jpeg\" class=\"elementor-animation-grow attachment-full size-full wp-image-1019\" alt=\"\" srcset=\"https:\/\/www.escuelainfantilmonsalvez.es\/wp-content\/uploads\/2024\/10\/WhatsApp-Image-2024-10-08-at-16.22.14.jpeg 1536w, https:\/\/www.escuelainfantilmonsalvez.es\/wp-content\/uploads\/2024\/10\/WhatsApp-Image-2024-10-08-at-16.22.14-225x300.jpeg 225w, https:\/\/www.escuelainfantilmonsalvez.es\/wp-content\/uploads\/2024\/10\/WhatsApp-Image-2024-10-08-at-16.22.14-768x1024.jpeg 768w, https:\/\/www.escuelainfantilmonsalvez.es\/wp-content\/uploads\/2024\/10\/WhatsApp-Image-2024-10-08-at-16.22.14-1152x1536.jpeg 1152w\" sizes=\"(max-width: 1536px) 100vw, 1536px\" \/><\/figure><div class=\"elementor-image-box-content\"><h3 class=\"elementor-image-box-title\"><br>Iraide G\u00f3mez<\/h3><p class=\"elementor-image-box-description\">T\u00e9cnico en Educaci\u00f3n Infantil.<\/p><\/div><\/div>\t\t\t\t<\/div>\n\t\t\t\t<\/div>\n\t\t\t\t\t<\/div>\n\t\t<\/div>\n\t\t\t\t<div class=\"elementor-column elementor-col-25 elementor-top-column elementor-element elementor-element-458e26c\" data-id=\"458e26c\" data-element_type=\"column\">\n\t\t\t<div class=\"elementor-widget-wrap elementor-element-populated\">\n\t\t\t\t\t\t<div class=\"elementor-element elementor-element-3f49ba0 elementor-position-top elementor-widget elementor-widget-image-box\" data-id=\"3f49ba0\" data-element_type=\"widget\" data-widget_type=\"image-box.default\">\n\t\t\t\t<div class=\"elementor-widget-container\">\n\t\t\t\t\t<div class=\"elementor-image-box-wrapper\"><figure class=\"elementor-image-box-img\"><img loading=\"lazy\" decoding=\"async\" width=\"1536\" height=\"2048\" src=\"https:\/\/www.escuelainfantilmonsalvez.es\/wp-content\/uploads\/2024\/10\/WhatsApp-Image-2024-10-08-at-16.22.13.jpeg\" class=\"elementor-animation-grow attachment-full size-full wp-image-1020\" alt=\"\" srcset=\"https:\/\/www.escuelainfantilmonsalvez.es\/wp-content\/uploads\/2024\/10\/WhatsApp-Image-2024-10-08-at-16.22.13.jpeg 1536w, https:\/\/www.escuelainfantilmonsalvez.es\/wp-content\/uploads\/2024\/10\/WhatsApp-Image-2024-10-08-at-16.22.13-225x300.jpeg 225w, https:\/\/www.escuelainfantilmonsalvez.es\/wp-content\/uploads\/2024\/10\/WhatsApp-Image-2024-10-08-at-16.22.13-768x1024.jpeg 768w, https:\/\/www.escuelainfantilmonsalvez.es\/wp-content\/uploads\/2024\/10\/WhatsApp-Image-2024-10-08-at-16.22.13-1152x1536.jpeg 1152w\" sizes=\"(max-width: 1536px) 100vw, 1536px\" \/><\/figure><div class=\"elementor-image-box-content\"><h3 class=\"elementor-image-box-title\"><br>Celia Mestanza<\/h3><p class=\"elementor-image-box-description\">T\u00e9cnico en Educaci\u00f3n Infantil.<\/p><\/div><\/div>\t\t\t\t<\/div>\n\t\t\t\t<\/div>\n\t\t\t\t\t<\/div>\n\t\t<\/div>\n\t\t\t\t\t<\/div>\n\t\t<\/section>\n\t\t\t\t<section class=\"elementor-section elementor-top-section elementor-element elementor-element-133bb24 elementor-section-boxed elementor-section-height-default elementor-section-height-default\" data-id=\"133bb24\" data-element_type=\"section\">\n\t\t\t\t\t\t<div class=\"elementor-container elementor-column-gap-default\">\n\t\t\t\t\t<div class=\"elementor-column elementor-col-25 elementor-top-column elementor-element elementor-element-357b1a0\" data-id=\"357b1a0\" data-element_type=\"column\">\n\t\t\t<div class=\"elementor-widget-wrap elementor-element-populated\">\n\t\t\t\t\t\t<div class=\"elementor-element elementor-element-a691e29 elementor-position-top elementor-widget elementor-widget-image-box\" data-id=\"a691e29\" data-element_type=\"widget\" data-widget_type=\"image-box.default\">\n\t\t\t\t<div class=\"elementor-widget-container\">\n\t\t\t\t\t<div class=\"elementor-image-box-wrapper\"><figure class=\"elementor-image-box-img\"><img loading=\"lazy\" decoding=\"async\" width=\"1536\" height=\"2048\" src=\"https:\/\/www.escuelainfantilmonsalvez.es\/wp-content\/uploads\/2024\/10\/WhatsApp-Image-2024-10-08-at-16.22.12.jpeg\" class=\"elementor-animation-grow attachment-full size-full wp-image-1038\" alt=\"\" srcset=\"https:\/\/www.escuelainfantilmonsalvez.es\/wp-content\/uploads\/2024\/10\/WhatsApp-Image-2024-10-08-at-16.22.12.jpeg 1536w, https:\/\/www.escuelainfantilmonsalvez.es\/wp-content\/uploads\/2024\/10\/WhatsApp-Image-2024-10-08-at-16.22.12-225x300.jpeg 225w, https:\/\/www.escuelainfantilmonsalvez.es\/wp-content\/uploads\/2024\/10\/WhatsApp-Image-2024-10-08-at-16.22.12-768x1024.jpeg 768w, https:\/\/www.escuelainfantilmonsalvez.es\/wp-content\/uploads\/2024\/10\/WhatsApp-Image-2024-10-08-at-16.22.12-1152x1536.jpeg 1152w\" sizes=\"(max-width: 1536px) 100vw, 1536px\" \/><\/figure><div class=\"elementor-image-box-content\"><h3 class=\"elementor-image-box-title\"><br>Nazaret Salado<\/h3><p class=\"elementor-image-box-description\"><span style=\"font-size: 15px;font-style: normal;font-weight: 400\">Maestra de Educaci\u00f3n Infantil especialista en Pedagog\u00eda Terap\u00e9utica.<\/span><span style=\"font-size: 15px;font-style: normal;font-weight: 400\"><\/span><\/p><\/div><\/div>\t\t\t\t<\/div>\n\t\t\t\t<\/div>\n\t\t\t\t\t<\/div>\n\t\t<\/div>\n\t\t\t\t<div class=\"elementor-column elementor-col-25 elementor-top-column elementor-element elementor-element-5e81e64\" data-id=\"5e81e64\" data-element_type=\"column\">\n\t\t\t<div class=\"elementor-widget-wrap\">\n\t\t\t\t\t\t\t<\/div>\n\t\t<\/div>\n\t\t\t\t<div class=\"elementor-column elementor-col-25 elementor-top-column elementor-element elementor-element-8c07572\" data-id=\"8c07572\" data-element_type=\"column\">\n\t\t\t<div class=\"elementor-widget-wrap\">\n\t\t\t\t\t\t\t<\/div>\n\t\t<\/div>\n\t\t\t\t<div class=\"elementor-column elementor-col-25 elementor-top-column elementor-element elementor-element-97af3c9\" data-id=\"97af3c9\" data-element_type=\"column\">\n\t\t\t<div class=\"elementor-widget-wrap elementor-element-populated\">\n\t\t\t\t\t\t<div class=\"elementor-element elementor-element-3d7f288 elementor-position-top elementor-widget elementor-widget-image-box\" data-id=\"3d7f288\" data-element_type=\"widget\" data-widget_type=\"image-box.default\">\n\t\t\t\t<div class=\"elementor-widget-container\">\n\t\t\t\t\t<div class=\"elementor-image-box-wrapper\"><figure class=\"elementor-image-box-img\"><img loading=\"lazy\" decoding=\"async\" width=\"1536\" height=\"2048\" src=\"https:\/\/www.escuelainfantilmonsalvez.es\/wp-content\/uploads\/2024\/10\/WhatsApp-Image-2024-10-08-at-16.22.14-1.jpeg\" class=\"elementor-animation-grow attachment-full size-full wp-image-1018\" alt=\"\" srcset=\"https:\/\/www.escuelainfantilmonsalvez.es\/wp-content\/uploads\/2024\/10\/WhatsApp-Image-2024-10-08-at-16.22.14-1.jpeg 1536w, https:\/\/www.escuelainfantilmonsalvez.es\/wp-content\/uploads\/2024\/10\/WhatsApp-Image-2024-10-08-at-16.22.14-1-225x300.jpeg 225w, https:\/\/www.escuelainfantilmonsalvez.es\/wp-content\/uploads\/2024\/10\/WhatsApp-Image-2024-10-08-at-16.22.14-1-768x1024.jpeg 768w, https:\/\/www.escuelainfantilmonsalvez.es\/wp-content\/uploads\/2024\/10\/WhatsApp-Image-2024-10-08-at-16.22.14-1-1152x1536.jpeg 1152w\" sizes=\"(max-width: 1536px) 100vw, 1536px\" \/><\/figure><div class=\"elementor-image-box-content\"><h3 class=\"elementor-image-box-title\"><br>Cheli Caballero<\/h3><p class=\"elementor-image-box-description\">Cocinera<\/p><\/div><\/div>\t\t\t\t<\/div>\n\t\t\t\t<\/div>\n\t\t\t\t\t<\/div>\n\t\t<\/div>\n\t\t\t\t\t<\/div>\n\t\t<\/section>\n\t\t\t\t<\/div>\n\t\t","protected":false},"excerpt":{"rendered":"<p>nUESTRO EQUIPO En nuestro Centro Educativo contamos con personal altamente cualificado y experto en distintos \u00e1mbitos del desarrollo de los ni\u00f1os Inmaculada Bao Directora general del centro. Alba Vega Terapeuta Ocupacional y Logopeda especialista en Atenci\u00f3n Temprana, Psicomotricidad Infantil e Integraci\u00f3n Sensorial. Andrea Fuster Maestra en Educaci\u00f3n Infantil especialista en Necesidades Especiales e Innovaci\u00f3n Educativa. [&hellip;]<\/p>\n","protected":false},"author":1,"featured_media":0,"parent":0,"menu_order":0,"comment_status":"closed","ping_status":"closed","template":"","meta":{"site-sidebar-layout":"no-sidebar","site-content-layout":"page-builder","ast-site-content-layout":"default","site-content-style":"default","site-sidebar-style":"default","ast-global-header-display":"","ast-banner-title-visibility":"","ast-main-header-display":"","ast-hfb-above-header-display":"","ast-hfb-below-header-display":"","ast-hfb-mobile-header-display":"","site-post-title":"disabled","ast-breadcrumbs-content":"","ast-featured-img":"disabled","footer-sml-layout":"","ast-disable-related-posts":"","theme-transparent-header-meta":"default","adv-header-id-meta":"","stick-header-meta":"","header-above-stick-meta":"","header-main-stick-meta":"","header-below-stick-meta":"","astra-migrate-meta-layouts":"default","ast-page-background-enabled":"default","ast-page-background-meta":{"desktop":{"background-color":"","background-image":"","background-repeat":"repeat","background-position":"center center","background-size":"auto","background-attachment":"scroll","background-type":"","background-media":"","overlay-type":"","overlay-color":"","overlay-opacity":"","overlay-gradient":""},"tablet":{"background-color":"","background-image":"","background-repeat":"repeat","background-position":"center center","background-size":"auto","background-attachment":"scroll","background-type":"","background-media":"","overlay-type":"","overlay-color":"","overlay-opacity":"","overlay-gradient":""},"mobile":{"background-color":"","background-image":"","background-repeat":"repeat","background-position":"center center","background-size":"auto","background-attachment":"scroll","background-type":"","background-media":"","overlay-type":"","overlay-color":"","overlay-opacity":"","overlay-gradient":""}},"ast-content-background-meta":{"desktop":{"background-color":"var(--ast-global-color-5)","background-image":"","background-repeat":"repeat","background-position":"center center","background-size":"auto","background-attachment":"scroll","background-type":"","background-media":"","overlay-type":"","overlay-color":"","overlay-opacity":"","overlay-gradient":""},"tablet":{"background-color":"var(--ast-global-color-5)","background-image":"","background-repeat":"repeat","background-position":"center center","background-size":"auto","background-attachment":"scroll","background-type":"","background-media":"","overlay-type":"","overlay-color":"","overlay-opacity":"","overlay-gradient":""},"mobile":{"background-color":"var(--ast-global-color-5)","background-image":"","background-repeat":"repeat","background-position":"center center","background-size":"auto","background-attachment":"scroll","background-type":"","background-media":"","overlay-type":"","overlay-color":"","overlay-opacity":"","overlay-gradient":""}},"footnotes":""},"class_list":["post-138","page","type-page","status-publish","hentry"],"_links":{"self":[{"href":"https:\/\/www.escuelainfantilmonsalvez.es\/index.php?rest_route=\/wp\/v2\/pages\/138","targetHints":{"allow":["GET"]}}],"collection":[{"href":"https:\/\/www.escuelainfantilmonsalvez.es\/index.php?rest_route=\/wp\/v2\/pages"}],"about":[{"href":"https:\/\/www.escuelainfantilmonsalvez.es\/index.php?rest_route=\/wp\/v2\/types\/page"}],"author":[{"embeddable":true,"href":"https:\/\/www.escuelainfantilmonsalvez.es\/index.php?rest_route=\/wp\/v2\/users\/1"}],"replies":[{"embeddable":true,"href":"https:\/\/www.escuelainfantilmonsalvez.es\/index.php?rest_route=%2Fwp%2Fv2%2Fcomments&post=138"}],"version-history":[{"count":119,"href":"https:\/\/www.escuelainfantilmonsalvez.es\/index.php?rest_route=\/wp\/v2\/pages\/138\/revisions"}],"predecessor-version":[{"id":1104,"href":"https:\/\/www.escuelainfantilmonsalvez.es\/index.php?rest_route=\/wp\/v2\/pages\/138\/revisions\/1104"}],"wp:attachment":[{"href":"https:\/\/www.escuelainfantilmonsalvez.es\/index.php?rest_route=%2Fwp%2Fv2%2Fmedia&parent=138"}],"curies":[{"name":"wp","href":"https:\/\/api.w.org\/{rel}","templated":true}]}}